{"id":188,"date":"2025-06-23T03:08:17","date_gmt":"2025-06-23T03:08:17","guid":{"rendered":"https:\/\/forefront.moking.es\/?page_id=188"},"modified":"2025-06-23T03:34:54","modified_gmt":"2025-06-23T03:34:54","slug":"formaciones","status":"publish","type":"page","link":"https:\/\/forefront.moking.es\/index.php\/formaciones\/","title":{"rendered":"Formaciones"},"content":{"rendered":"\t\t<div data-elementor-type=\"wp-page\" data-elementor-id=\"188\" class=\"elementor elementor-188\" data-elementor-post-type=\"page\">\n\t\t\t\t<div class=\"elementor-element elementor-element-55b6c8de e-con-full e-flex e-con e-parent\" data-id=\"55b6c8de\" data-element_type=\"container\">\n\t\t<div class=\"elementor-element elementor-element-152f7dc e-flex e-con-boxed e-con e-child\" data-id=\"152f7dc\" data-element_type=\"container\">\n\t\t\t\t\t<div class=\"e-con-inner\">\n\t\t\t\t<div class=\"elementor-element elementor-element-75bdab51 elementor-widget elementor-widget-heading\" data-id=\"75bdab51\" data-element_type=\"widget\" data-widget_type=\"heading.default\">\n\t\t\t\t<div class=\"elementor-widget-container\">\n\t\t\t\t\t<h2 class=\"elementor-heading-title elementor-size-default\">Acred\u00edtate como entrenador ForeFront<\/h2>\t\t\t\t<\/div>\n\t\t\t\t<\/div>\n\t\t\t\t<div class=\"elementor-element elementor-element-18a3397 elementor-widget__width-initial elementor-widget elementor-widget-text-editor\" data-id=\"18a3397\" data-element_type=\"widget\" data-widget_type=\"text-editor.default\">\n\t\t\t\t<div class=\"elementor-widget-container\">\n\t\t\t\t\t\t\t\t\t<p>Avanza a trav\u00e9s de las diferentes fases de comprensi\u00f3n e implementaci\u00f3n del Juego de Ubicaci\u00f3n.<\/p>\t\t\t\t\t\t\t\t<\/div>\n\t\t\t\t<\/div>\n\t\t\t\t\t<\/div>\n\t\t\t\t<\/div>\n\t\t<div class=\"elementor-element elementor-element-4dad0d3d e-con-full e-flex e-con e-child\" data-id=\"4dad0d3d\" data-element_type=\"container\" data-settings=\"{&quot;background_background&quot;:&quot;gradient&quot;}\">\n\t\t<div class=\"elementor-element elementor-element-607f49b6 e-con-full e-flex e-con e-child\" data-id=\"607f49b6\" data-element_type=\"container\">\n\t\t\t\t<div class=\"elementor-element elementor-element-535ecc11 elementor-widget elementor-widget-heading\" data-id=\"535ecc11\" data-element_type=\"widget\" data-widget_type=\"heading.default\">\n\t\t\t\t<div class=\"elementor-widget-container\">\n\t\t\t\t\t<h2 class=\"elementor-heading-title elementor-size-default\">formaci\u00f3n<\/h2>\t\t\t\t<\/div>\n\t\t\t\t<\/div>\n\t\t\t\t<div class=\"elementor-element elementor-element-511d4e08 elementor-widget__width-initial elementor-widget elementor-widget-elementskit-heading\" data-id=\"511d4e08\" data-element_type=\"widget\" data-widget_type=\"elementskit-heading.default\">\n\t\t\t\t<div class=\"elementor-widget-container\">\n\t\t\t\t\t<div class=\"ekit-wid-con\" ><div class=\"ekit-heading elementskit-section-title-wraper text_center   ekit_heading_tablet-   ekit_heading_mobile-\"><h3 class=\"ekit-heading--title elementskit-section-title \">El juego de Ubicaci\u00f3n<\/h3><\/div><\/div>\t\t\t\t<\/div>\n\t\t\t\t<\/div>\n\t\t\t\t<\/div>\n\t\t<div class=\"elementor-element elementor-element-61181d8 e-grid e-con-full e-con e-child\" data-id=\"61181d8\" data-element_type=\"container\">\n\t\t<div class=\"elementor-element elementor-element-b4a9559 e-con-full e-flex elementor-invisible e-con e-child\" data-id=\"b4a9559\" data-element_type=\"container\" data-settings=\"{&quot;animation&quot;:&quot;fadeIn&quot;,&quot;animation_delay&quot;:150}\">\n\t\t\t\t<div class=\"elementor-element elementor-element-38537979 elementor-widget elementor-widget-image\" data-id=\"38537979\" data-element_type=\"widget\" data-widget_type=\"image.default\">\n\t\t\t\t<div class=\"elementor-widget-container\">\n\t\t\t\t\t\t\t\t\t\t\t\t\t\t\t<img fetchpriority=\"high\" decoding=\"async\" width=\"1024\" height=\"683\" src=\"https:\/\/forefront.moking.es\/wp-content\/uploads\/2025\/06\/ChatGPT-Image-5-jun-2025-02_05_57-1024x683.png\" class=\"attachment-large size-large wp-image-100\" alt=\"\" srcset=\"https:\/\/forefront.moking.es\/wp-content\/uploads\/2025\/06\/ChatGPT-Image-5-jun-2025-02_05_57-1024x683.png 1024w, https:\/\/forefront.moking.es\/wp-content\/uploads\/2025\/06\/ChatGPT-Image-5-jun-2025-02_05_57-300x200.png 300w, https:\/\/forefront.moking.es\/wp-content\/uploads\/2025\/06\/ChatGPT-Image-5-jun-2025-02_05_57-768x512.png 768w, https:\/\/forefront.moking.es\/wp-content\/uploads\/2025\/06\/ChatGPT-Image-5-jun-2025-02_05_57.png 1536w\" sizes=\"(max-width: 1024px) 100vw, 1024px\" \/>\t\t\t\t\t\t\t\t\t\t\t\t\t\t\t<\/div>\n\t\t\t\t<\/div>\n\t\t<div class=\"elementor-element elementor-element-1834ca49 e-con-full e-flex e-con e-child\" data-id=\"1834ca49\" data-element_type=\"container\">\n\t\t\t\t<div class=\"elementor-element elementor-element-3e25a380 elementor-widget elementor-widget-icon-box\" data-id=\"3e25a380\" data-element_type=\"widget\" data-widget_type=\"icon-box.default\">\n\t\t\t\t<div class=\"elementor-widget-container\">\n\t\t\t\t\t\t\t<div class=\"elementor-icon-box-wrapper\">\n\n\t\t\t\n\t\t\t\t\t\t<div class=\"elementor-icon-box-content\">\n\n\t\t\t\t\t\t\t\t\t<h4 class=\"elementor-icon-box-title\">\n\t\t\t\t\t\t<span  >\n\t\t\t\t\t\t\tParte I\t\t\t\t\t\t<\/span>\n\t\t\t\t\t<\/h4>\n\t\t\t\t\n\t\t\t\t\t\t\t\t\t<p class=\"elementor-icon-box-description\">\n\t\t\t\t\t\tTexto de ejemplo\t\t\t\t\t<\/p>\n\t\t\t\t\n\t\t\t<\/div>\n\t\t\t\n\t\t<\/div>\n\t\t\t\t\t\t<\/div>\n\t\t\t\t<\/div>\n\t\t\t\t<div class=\"elementor-element elementor-element-14fae7a4 elementor-widget-divider--view-line elementor-widget elementor-widget-divider\" data-id=\"14fae7a4\" data-element_type=\"widget\" data-widget_type=\"divider.default\">\n\t\t\t\t<div class=\"elementor-widget-container\">\n\t\t\t\t\t\t\t<div class=\"elementor-divider\">\n\t\t\t<span class=\"elementor-divider-separator\">\n\t\t\t\t\t\t<\/span>\n\t\t<\/div>\n\t\t\t\t\t\t<\/div>\n\t\t\t\t<\/div>\n\t\t\t\t<\/div>\n\t\t<div class=\"elementor-element elementor-element-988a012 e-con-full e-flex e-con e-child\" data-id=\"988a012\" data-element_type=\"container\">\n\t\t\t\t<div class=\"elementor-element elementor-element-3e54a95f elementor-widget__width-inherit elementor-widget elementor-widget-elementskit-pricing\" data-id=\"3e54a95f\" data-element_type=\"widget\" data-widget_type=\"elementskit-pricing.default\">\n\t\t\t\t<div class=\"elementor-widget-container\">\n\t\t\t\t\t<div class=\"ekit-wid-con\" >\n\n        <div class=\"elementskit-single-pricing \" >\n            <div class=\"elementskit-pricing-header \">\n\t\t\t\t\t\t\t\t\n\t\t\t\t\t\t\t\t            <\/div>\n\t\t\t            <div class=\" elementskit-pricing-price-wraper has-tag \">\n                <div class=\"elementskit-pricing-tag\"><\/div>\n                <span class=\"elementskit-pricing-price\">\n\t\t\t\t\t\t\t\t\t\t\t<sup class=\"currency\">\u20ac<\/sup>\n\t\t\t\t\t\t\t\t\t\t<span>225<\/span>\n\t\t\t\t\t\n\t\t\t\t\t\t\t\t\t\t<sub class=\"period\">.00<\/sub>\n\t\t\t\t\t\t\t\t\t<\/span>\n            <\/div>\n\t\t\t            <div class=\"elementskit-pricing-content \">\n\n                                    <p> <\/p>\n                                            <\/div>\n            <div class=\"elementskit-pricing-btn-wraper \">\n\t\t\t\t<a href=\"#\" class=\"elementskit-pricing-btn  ekit-pricing-btn-icon-pos-\" >\n\t\t\t\t\t\t\t\t\t<\/a>\n            <\/div>\n        <\/div>\n\n    <\/div>\t\t\t\t<\/div>\n\t\t\t\t<\/div>\n\t\t\t\t<\/div>\n\t\t<div class=\"elementor-element elementor-element-f045074 e-con-full e-flex e-con e-child\" data-id=\"f045074\" data-element_type=\"container\">\n\t\t\t\t<div class=\"elementor-element elementor-element-f0076cb elementor-align-justify elementor-widget elementor-widget-button\" data-id=\"f0076cb\" data-element_type=\"widget\" data-widget_type=\"button.default\">\n\t\t\t\t<div class=\"elementor-widget-container\">\n\t\t\t\t\t\t\t\t\t<div class=\"elementor-button-wrapper\">\n\t\t\t\t\t<a class=\"elementor-button elementor-button-link elementor-size-sm elementor-animation-shrink\" href=\"#\">\n\t\t\t\t\t\t<span class=\"elementor-button-content-wrapper\">\n\t\t\t\t\t\t\t\t\t<span class=\"elementor-button-text\">Empieza Hoy<\/span>\n\t\t\t\t\t<\/span>\n\t\t\t\t\t<\/a>\n\t\t\t\t<\/div>\n\t\t\t\t\t\t\t\t<\/div>\n\t\t\t\t<\/div>\n\t\t\t\t<\/div>\n\t\t\t\t<\/div>\n\t\t<div class=\"elementor-element elementor-element-a9ad9f4 e-con-full e-flex elementor-invisible e-con e-child\" data-id=\"a9ad9f4\" data-element_type=\"container\" data-settings=\"{&quot;animation&quot;:&quot;fadeIn&quot;,&quot;animation_delay&quot;:150}\">\n\t\t\t\t<div class=\"elementor-element elementor-element-f2c950a elementor-widget elementor-widget-image\" data-id=\"f2c950a\" data-element_type=\"widget\" data-widget_type=\"image.default\">\n\t\t\t\t<div class=\"elementor-widget-container\">\n\t\t\t\t\t\t\t\t\t\t\t\t\t\t\t<img fetchpriority=\"high\" decoding=\"async\" width=\"1024\" height=\"683\" src=\"https:\/\/forefront.moking.es\/wp-content\/uploads\/2025\/06\/ChatGPT-Image-5-jun-2025-02_05_57-1024x683.png\" class=\"attachment-large size-large wp-image-100\" alt=\"\" srcset=\"https:\/\/forefront.moking.es\/wp-content\/uploads\/2025\/06\/ChatGPT-Image-5-jun-2025-02_05_57-1024x683.png 1024w, https:\/\/forefront.moking.es\/wp-content\/uploads\/2025\/06\/ChatGPT-Image-5-jun-2025-02_05_57-300x200.png 300w, https:\/\/forefront.moking.es\/wp-content\/uploads\/2025\/06\/ChatGPT-Image-5-jun-2025-02_05_57-768x512.png 768w, https:\/\/forefront.moking.es\/wp-content\/uploads\/2025\/06\/ChatGPT-Image-5-jun-2025-02_05_57.png 1536w\" sizes=\"(max-width: 1024px) 100vw, 1024px\" \/>\t\t\t\t\t\t\t\t\t\t\t\t\t\t\t<\/div>\n\t\t\t\t<\/div>\n\t\t<div class=\"elementor-element elementor-element-a6d1420 e-con-full e-flex e-con e-child\" data-id=\"a6d1420\" data-element_type=\"container\">\n\t\t\t\t<div class=\"elementor-element elementor-element-02ccf75 elementor-widget elementor-widget-icon-box\" data-id=\"02ccf75\" data-element_type=\"widget\" data-widget_type=\"icon-box.default\">\n\t\t\t\t<div class=\"elementor-widget-container\">\n\t\t\t\t\t\t\t<div class=\"elementor-icon-box-wrapper\">\n\n\t\t\t\n\t\t\t\t\t\t<div class=\"elementor-icon-box-content\">\n\n\t\t\t\t\t\t\t\t\t<h4 class=\"elementor-icon-box-title\">\n\t\t\t\t\t\t<span  >\n\t\t\t\t\t\t\tParte II\t\t\t\t\t\t<\/span>\n\t\t\t\t\t<\/h4>\n\t\t\t\t\n\t\t\t\t\t\t\t\t\t<p class=\"elementor-icon-box-description\">\n\t\t\t\t\t\tTexto de ejemplo\t\t\t\t\t<\/p>\n\t\t\t\t\n\t\t\t<\/div>\n\t\t\t\n\t\t<\/div>\n\t\t\t\t\t\t<\/div>\n\t\t\t\t<\/div>\n\t\t\t\t<div class=\"elementor-element elementor-element-be6eafe elementor-widget-divider--view-line elementor-widget elementor-widget-divider\" data-id=\"be6eafe\" data-element_type=\"widget\" data-widget_type=\"divider.default\">\n\t\t\t\t<div class=\"elementor-widget-container\">\n\t\t\t\t\t\t\t<div class=\"elementor-divider\">\n\t\t\t<span class=\"elementor-divider-separator\">\n\t\t\t\t\t\t<\/span>\n\t\t<\/div>\n\t\t\t\t\t\t<\/div>\n\t\t\t\t<\/div>\n\t\t\t\t<\/div>\n\t\t<div class=\"elementor-element elementor-element-944ced7 e-con-full e-flex e-con e-child\" data-id=\"944ced7\" data-element_type=\"container\">\n\t\t\t\t<div class=\"elementor-element elementor-element-050c77f elementor-widget__width-inherit elementor-widget elementor-widget-elementskit-pricing\" data-id=\"050c77f\" data-element_type=\"widget\" data-widget_type=\"elementskit-pricing.default\">\n\t\t\t\t<div class=\"elementor-widget-container\">\n\t\t\t\t\t<div class=\"ekit-wid-con\" >\n\n        <div class=\"elementskit-single-pricing \" >\n            <div class=\"elementskit-pricing-header \">\n\t\t\t\t\t\t\t\t\n\t\t\t\t\t\t\t\t            <\/div>\n\t\t\t            <div class=\" elementskit-pricing-price-wraper has-tag \">\n                <div class=\"elementskit-pricing-tag\"><\/div>\n                <span class=\"elementskit-pricing-price\">\n\t\t\t\t\t\t\t\t\t\t\t<sup class=\"currency\">\u20ac<\/sup>\n\t\t\t\t\t\t\t\t\t\t<span>675<\/span>\n\t\t\t\t\t\n\t\t\t\t\t\t\t\t\t\t<sub class=\"period\">.00<\/sub>\n\t\t\t\t\t\t\t\t\t<\/span>\n            <\/div>\n\t\t\t            <div class=\"elementskit-pricing-content \">\n\n                                    <p> <\/p>\n                                            <\/div>\n            <div class=\"elementskit-pricing-btn-wraper \">\n\t\t\t\t<a href=\"#\" class=\"elementskit-pricing-btn  ekit-pricing-btn-icon-pos-\" >\n\t\t\t\t\t\t\t\t\t<\/a>\n            <\/div>\n        <\/div>\n\n    <\/div>\t\t\t\t<\/div>\n\t\t\t\t<\/div>\n\t\t\t\t<\/div>\n\t\t<div class=\"elementor-element elementor-element-f7cfffc e-con-full e-flex e-con e-child\" data-id=\"f7cfffc\" data-element_type=\"container\">\n\t\t\t\t<div class=\"elementor-element elementor-element-cd42b6a elementor-align-justify elementor-widget elementor-widget-button\" data-id=\"cd42b6a\" data-element_type=\"widget\" data-widget_type=\"button.default\">\n\t\t\t\t<div class=\"elementor-widget-container\">\n\t\t\t\t\t\t\t\t\t<div class=\"elementor-button-wrapper\">\n\t\t\t\t\t<a class=\"elementor-button elementor-button-link elementor-size-sm elementor-animation-shrink\" href=\"#\">\n\t\t\t\t\t\t<span class=\"elementor-button-content-wrapper\">\n\t\t\t\t\t\t\t\t\t<span class=\"elementor-button-text\">Sigue tu Camino<\/span>\n\t\t\t\t\t<\/span>\n\t\t\t\t\t<\/a>\n\t\t\t\t<\/div>\n\t\t\t\t\t\t\t\t<\/div>\n\t\t\t\t<\/div>\n\t\t\t\t<\/div>\n\t\t\t\t<div class=\"elementor-element elementor-element-11c2f37 elementor-widget elementor-widget-text-editor\" data-id=\"11c2f37\" data-element_type=\"widget\" data-widget_type=\"text-editor.default\">\n\t\t\t\t<div class=\"elementor-widget-container\">\n\t\t\t\t\t\t\t\t\t<p>Opci\u00f3n de financiaci\u00f3n disponible en 3 pagos de 275,00\u20ac<\/p>\t\t\t\t\t\t\t\t<\/div>\n\t\t\t\t<\/div>\n\t\t\t\t<\/div>\n\t\t\t\t<\/div>\n\t\t\t\t<\/div>\n\t\t\t\t<\/div>\n\t\t\t\t<\/div>\n\t\t","protected":false},"excerpt":{"rendered":"<p>Acred\u00edtate como entrenador ForeFront Avanza a trav\u00e9s de las diferentes fases de comprensi\u00f3n e implementaci\u00f3n del Juego de Ubicaci\u00f3n. formaci\u00f3n El juego de Ubicaci\u00f3n Parte I Texto de ejemplo \u20ac 225 .00 Empieza Hoy Parte II Texto de ejemplo \u20ac 675 .00 Sigue tu Camino Opci\u00f3n de financiaci\u00f3n disponible en 3 pagos de 275,00\u20ac<\/p>\n","protected":false},"author":1,"featured_media":0,"parent":0,"menu_order":0,"comment_status":"closed","ping_status":"closed","template":"elementor_canvas","meta":{"footnotes":""},"class_list":["post-188","page","type-page","status-publish","hentry"],"_links":{"self":[{"href":"https:\/\/forefront.moking.es\/index.php\/wp-json\/wp\/v2\/pages\/188","targetHints":{"allow":["GET"]}}],"collection":[{"href":"https:\/\/forefront.moking.es\/index.php\/wp-json\/wp\/v2\/pages"}],"about":[{"href":"https:\/\/forefront.moking.es\/index.php\/wp-json\/wp\/v2\/types\/page"}],"author":[{"embeddable":true,"href":"https:\/\/forefront.moking.es\/index.php\/wp-json\/wp\/v2\/users\/1"}],"replies":[{"embeddable":true,"href":"https:\/\/forefront.moking.es\/index.php\/wp-json\/wp\/v2\/comments?post=188"}],"version-history":[{"count":13,"href":"https:\/\/forefront.moking.es\/index.php\/wp-json\/wp\/v2\/pages\/188\/revisions"}],"predecessor-version":[{"id":237,"href":"https:\/\/forefront.moking.es\/index.php\/wp-json\/wp\/v2\/pages\/188\/revisions\/237"}],"wp:attachment":[{"href":"https:\/\/forefront.moking.es\/index.php\/wp-json\/wp\/v2\/media?parent=188"}],"curies":[{"name":"wp","href":"https:\/\/api.w.org\/{rel}","templated":true}]}}